{"id":2,"date":"2020-08-08T11:29:49","date_gmt":"2020-08-08T11:29:49","guid":{"rendered":"https:\/\/feelthevalley.ch\/?page_id=2"},"modified":"2025-04-29T05:04:44","modified_gmt":"2025-04-29T05:04:44","slug":"sample-page","status":"publish","type":"page","link":"https:\/\/feelthevalley.ch\/","title":{"rendered":"Randonn\u00e9e de 2 jours entre la Val d\u2019Herens et la Val d\u2019Anniviers"},"content":{"rendered":"\n<p><\/p>\n\n\n\n<h2 class=\"wp-block-heading\"><strong><span class=\"has-inline-color has-vivid-red-color\">Dates et infos preliminaires<\/span><\/strong><\/h2>\n\n\n\n<div class=\"wp-block-group\"><div class=\"wp-block-group__inner-container is-layout-flow wp-block-group-is-layout-flow\">\n<p>Dates prevues&nbsp;&nbsp;&nbsp;&nbsp;&nbsp;&nbsp;&nbsp;&nbsp;&nbsp;&nbsp;&nbsp;&nbsp;&nbsp;&nbsp;&nbsp;&nbsp;&nbsp; 11 \u2013 12 ao\u00fbt 2020<\/p>\n\n\n\n<p>Rendez vous&nbsp;&nbsp;&nbsp;&nbsp;&nbsp;&nbsp;&nbsp;&nbsp;&nbsp;&nbsp;&nbsp;&nbsp;&nbsp;&nbsp;&nbsp;&nbsp;&nbsp;&nbsp;&nbsp;&nbsp; Gare de Sion, 11 Ao\u00fbt 2020, 8.00 h&nbsp;&nbsp;&nbsp;&nbsp;&nbsp;&nbsp;&nbsp;&nbsp;<\/p>\n\n\n\n<p>Fin de l\u2019activit\u00e9&nbsp;&nbsp;&nbsp;&nbsp;&nbsp;&nbsp;&nbsp;&nbsp;&nbsp;&nbsp;&nbsp;&nbsp;&nbsp;&nbsp;&nbsp;&nbsp; Gare de Sierre, 12 Ao\u00fbt 2020, 17.30 h<\/p>\n\n\n\n<p>Frais d&#8217;inscription:          250.- CHF<\/p>\n\n\n\n<p>Participants max:            12<\/p>\n\n\n\n<p>Toutes infos pour les horaires des trains sont disponible sur le <a rel=\"noreferrer noopener\" href=\"http:\/\/www.cff.ch\" target=\"_blank\">site web des CFF <\/a><\/p>\n<\/div><\/div>\n\n\n\n<h2 class=\"wp-block-heading\" id=\"lie\"><\/h2>\n\n\n\n<h2 class=\"wp-block-heading\"><strong><span class=\"has-inline-color has-vivid-red-color\">Lieux visit\u00e9 long du parcour<\/span><\/strong><\/h2>\n\n\n\n<ul class=\"wp-block-list\">\n<li>Alpage de Mase<\/li>\n\n\n\n<li>Pas de Lovegno<\/li>\n\n\n\n<li>Lac Le Louch\u00e9 (ou Lac Bleu)<\/li>\n\n\n\n<li>Cabanne des Becs Bosson<\/li>\n\n\n\n<li>Lac de Lona<\/li>\n\n\n\n<li>Barrage du Lac de Moiry<\/li>\n<\/ul>\n\n\n\n<figure class=\"wp-block-gallery has-nested-images columns-default is-cropped wp-block-gallery-1 is-layout-flex wp-block-gallery-is-layout-flex\">\n<figure class=\"wp-block-image size-large\"><img loading=\"lazy\" decoding=\"async\" width=\"1024\" height=\"522\" data-id=\"59\" src=\"https:\/\/feelthevalley.ch\/wp-content\/uploads\/2020\/08\/20180708135157-1-1024x522.jpg\" alt=\"\" class=\"wp-image-59\" srcset=\"https:\/\/feelthevalley.ch\/wp-content\/uploads\/2020\/08\/20180708135157-1-1024x522.jpg 1024w, https:\/\/feelthevalley.ch\/wp-content\/uploads\/2020\/08\/20180708135157-1-300x153.jpg 300w, https:\/\/feelthevalley.ch\/wp-content\/uploads\/2020\/08\/20180708135157-1-768x392.jpg 768w, https:\/\/feelthevalley.ch\/wp-content\/uploads\/2020\/08\/20180708135157-1.jpg 1490w\" sizes=\"auto, (max-width: 767px) 89vw, (max-width: 1000px) 54vw, (max-width: 1071px) 543px, 580px\" \/><\/figure>\n\n\n\n<figure class=\"wp-block-image size-large\"><img loading=\"lazy\" decoding=\"async\" width=\"1024\" height=\"517\" data-id=\"60\" src=\"https:\/\/feelthevalley.ch\/wp-content\/uploads\/2020\/08\/La_Louere_Le_Louche-1024x517.jpg\" alt=\"\" class=\"wp-image-60\" srcset=\"https:\/\/feelthevalley.ch\/wp-content\/uploads\/2020\/08\/La_Louere_Le_Louche-1024x517.jpg 1024w, https:\/\/feelthevalley.ch\/wp-content\/uploads\/2020\/08\/La_Louere_Le_Louche-300x151.jpg 300w, https:\/\/feelthevalley.ch\/wp-content\/uploads\/2020\/08\/La_Louere_Le_Louche-768x388.jpg 768w, https:\/\/feelthevalley.ch\/wp-content\/uploads\/2020\/08\/La_Louere_Le_Louche-1536x775.jpg 1536w, https:\/\/feelthevalley.ch\/wp-content\/uploads\/2020\/08\/La_Louere_Le_Louche-2048x1034.jpg 2048w\" sizes=\"auto, (max-width: 767px) 89vw, (max-width: 1000px) 54vw, (max-width: 1071px) 543px, 580px\" \/><\/figure>\n\n\n\n<figure class=\"wp-block-image size-large\"><img loading=\"lazy\" decoding=\"async\" width=\"940\" height=\"580\" data-id=\"61\" src=\"https:\/\/feelthevalley.ch\/wp-content\/uploads\/2020\/08\/lago-1.jpg\" alt=\"\" class=\"wp-image-61\" srcset=\"https:\/\/feelthevalley.ch\/wp-content\/uploads\/2020\/08\/lago-1.jpg 940w, https:\/\/feelthevalley.ch\/wp-content\/uploads\/2020\/08\/lago-1-300x185.jpg 300w, https:\/\/feelthevalley.ch\/wp-content\/uploads\/2020\/08\/lago-1-768x474.jpg 768w\" sizes=\"auto, (max-width: 767px) 89vw, (max-width: 1000px) 54vw, (max-width: 1071px) 543px, 580px\" \/><\/figure>\n<\/figure>\n\n\n\n<h2 class=\"wp-block-heading\" id=\"j1\"><\/h2>\n\n\n\n<h2 class=\"wp-block-heading\"><strong><span class=\"has-inline-color has-vivid-red-color\">Jour 1 \u2013 Sion \u2013 Cabane des Becs de Bosson<\/span><\/strong><\/h2>\n\n\n\n<p><strong>Heure de chemin selon Suissemobile:&nbsp; 3.22 h<\/strong><\/p>\n\n\n\n<p>Difficult\u00e9 :   Moyenne&nbsp; (T2 et T3)<\/p>\n\n\n\n<p>Distance :&nbsp;&nbsp;&nbsp;&nbsp;&nbsp; 7.45 Km<\/p>\n\n\n\n<p>D\u00e9nivel\u00e9: &nbsp; Mont\u00e9&nbsp; 987 m&nbsp;&nbsp; Descente&nbsp; 168 m<\/p>\n\n\n\n<p>Altitude max:&nbsp;&nbsp; 2983 msnm<\/p>\n\n\n\n<p>08:00 h:  Rendez-vous \u00e0 la gare de Sion. Welcoming et briefing<br>08:45 h:  Transfer avec petit bus au Alpage de Mase<br>09:45 h:  Caf\u00e9 au Alpage de Mase<br>10:15 h:  D\u00e9part depuis l\u2019Alpage de Mase<br>12:15 h:  Pas de Lovegno avec Pick Nick.<br>13:30 h:  Continuation du trekking<br>14:15 h:  Lac Le Louch\u00e9<br>16:30 h:  Arriv\u00e9e \u00e0 la Cabane des Becs Bosson<br>17:00 h:  Prise des chambres<br>18:15 h:  Debriefing jour 1<br>19:00 h:  Diner<br>22:00 h:  Bonne nuit<\/p>\n\n\n\n<figure class=\"wp-block-image size-large\"><a href=\"https:\/\/map.schweizmobil.ch\/?lang=it&amp;bgLayer=pk&amp;season=summer&amp;resolution=2.59&amp;E=2604472&amp;N=1114295&amp;photos=yes&amp;logo=yes&amp;trackId=7708448\"><img loading=\"lazy\" decoding=\"async\" width=\"1024\" height=\"782\" src=\"https:\/\/feelthevalley.ch\/wp-content\/uploads\/2020\/08\/jour1-1024x782.jpg\" alt=\"\" class=\"wp-image-64\" srcset=\"https:\/\/feelthevalley.ch\/wp-content\/uploads\/2020\/08\/jour1-1024x782.jpg 1024w, https:\/\/feelthevalley.ch\/wp-content\/uploads\/2020\/08\/jour1-300x229.jpg 300w, https:\/\/feelthevalley.ch\/wp-content\/uploads\/2020\/08\/jour1-768x586.jpg 768w, https:\/\/feelthevalley.ch\/wp-content\/uploads\/2020\/08\/jour1-1536x1172.jpg 1536w, https:\/\/feelthevalley.ch\/wp-content\/uploads\/2020\/08\/jour1.jpg 1825w\" sizes=\"auto, (max-width: 767px) 89vw, (max-width: 1000px) 54vw, (max-width: 1071px) 543px, 580px\" \/><\/a><figcaption class=\"wp-element-caption\"><strong>Cliquer la carte pour voire la version intercative<\/strong><\/figcaption><\/figure>\n\n\n\n<p><\/p>\n\n\n\n<h2 class=\"wp-block-heading\" id=\"j2\"><\/h2>\n\n\n\n<h2 class=\"wp-block-heading\"><strong><span class=\"has-inline-color has-vivid-red-color\">Jour 2 \u2013 Cabane des Becs de Bosson \u2013 Sierre<\/span><\/strong><\/h2>\n\n\n\n<p><strong>Heure de chemin selon Suissemobile:&nbsp; 3.19 h<\/strong><\/p>\n\n\n\n<p>Difficult\u00e9 :&nbsp;&nbsp;&nbsp;&nbsp; Moyenne&nbsp; (T2 et T3)<\/p>\n\n\n\n<p>Distance :&nbsp;&nbsp;&nbsp;&nbsp;&nbsp;&nbsp; 11.10 Km<\/p>\n\n\n\n<p>D\u00e9nivel\u00e9: &nbsp;&nbsp;&nbsp; Mont\u00e9&nbsp; 232 m&nbsp;&nbsp; Descente&nbsp; 1\u2019100 m<\/p>\n\n\n\n<p>Altitude max:&nbsp;&nbsp;&nbsp; 2983 msnm<\/p>\n\n\n\n<ul class=\"wp-block-list\">\n<li>08:00 h:\u00a0\u00a0 Petit-D\u00e9jeuner<\/li>\n\n\n\n<li>08:45 h:\u00a0\u00a0 Briefing jour 2<\/li>\n\n\n\n<li>09:15 h:\u00a0\u00a0\u00a0 D\u00e9part depuis la Cabane<\/li>\n\n\n\n<li>10:30 h:\u00a0\u00a0\u00a0 Lac de Lona<\/li>\n\n\n\n<li>12:00 h:\u00a0\u00a0\u00a0 Basset de Lona avec Pick Nick.<\/li>\n\n\n\n<li>13:15 h:\u00a0\u00a0\u00a0 Continuation vers le Barrage du Lac de Moiry<\/li>\n\n\n\n<li>15:00 h:\u00a0\u00a0 Barrage du Lac de Moiry<\/li>\n\n\n\n<li>15:30 h:\u00a0\u00a0\u00a0 Arriv\u00e9 \u00e0 la route<\/li>\n\n\n\n<li>15:45 h:\u00a0\u00a0\u00a0\u00a0 D\u00e9part en bus vers Sierre<\/li>\n\n\n\n<li>17:00 h:\u00a0   Arriv\u00e9 \u00e0 la gare de Sierre et debriefing<\/li>\n\n\n\n<li>17:30 h:\u00a0   Aurevoir<\/li>\n<\/ul>\n\n\n\n<figure class=\"wp-block-image size-large\"><a href=\"https:\/\/map.schweizmobil.ch\/?lang=it&amp;bgLayer=pk&amp;season=summer&amp;resolution=5&amp;E=2608938&amp;N=1110450&amp;photos=yes&amp;logo=yes&amp;trackId=7708949\"><img loading=\"lazy\" decoding=\"async\" width=\"1024\" height=\"706\" src=\"https:\/\/feelthevalley.ch\/wp-content\/uploads\/2020\/08\/jour2-1024x706.jpg\" alt=\"\" class=\"wp-image-66\" srcset=\"https:\/\/feelthevalley.ch\/wp-content\/uploads\/2020\/08\/jour2-1024x706.jpg 1024w, https:\/\/feelthevalley.ch\/wp-content\/uploads\/2020\/08\/jour2-300x207.jpg 300w, https:\/\/feelthevalley.ch\/wp-content\/uploads\/2020\/08\/jour2-768x529.jpg 768w, https:\/\/feelthevalley.ch\/wp-content\/uploads\/2020\/08\/jour2.jpg 1390w\" sizes=\"auto, (max-width: 767px) 89vw, (max-width: 1000px) 54vw, (max-width: 1071px) 543px, 580px\" \/><\/a><figcaption class=\"wp-element-caption\"><strong>Cliquer la carte pour voire la version intercative<\/strong><\/figcaption><\/figure>\n\n\n\n<h2 class=\"wp-block-heading\" id=\"mat\"><\/h2>\n\n\n\n<h2 class=\"wp-block-heading\"><span class=\"has-inline-color has-vivid-red-color\"><strong>Mat\u00e9riel, condition physique et difficult\u00e9<\/strong><\/span><\/h2>\n\n\n\n<p><strong>Mat\u00e9riel<\/strong><\/p>\n\n\n\n<p>Le&nbsp; mat\u00e9riel&nbsp; des&nbsp; participants&nbsp; doit&nbsp; \u00eatre&nbsp; ad\u00e9quat:&nbsp; de&nbsp; bonnes&nbsp; chaussures&nbsp; constituent&nbsp; l\u2019\u00e9quipement&nbsp; principal&nbsp; du&nbsp; randonneur,&nbsp; compl\u00e9t\u00e9&nbsp; par&nbsp; des&nbsp; v\u00eatements&nbsp; chauds et l\u00e9gers ainsi que des habits contre la pluie.<\/p>\n\n\n\n<p>Il est imp\u00e9ratif d\u2019emporter dans son sac de voyage de la nourriture et surtout des boissons en quantit\u00e9 suffisante.<\/p>\n\n\n\n<p><strong>Condition physique<\/strong><\/p>\n\n\n\n<p>Juger&nbsp; avec&nbsp; objectivit\u00e9&nbsp; son&nbsp; niveau&nbsp; d\u2019entra\u00eenement&nbsp; et de forme physique en fonction de la cotation.<\/p>\n\n\n\n<p>On&nbsp; compte&nbsp; environ&nbsp; une heure pour 350 m de mont\u00e9e et\/ou 4 \u00e0 5 km au plat ou \u00e0 la descente.<\/p>\n\n\n\n<p>Les&nbsp; heures&nbsp; de&nbsp; marche&nbsp; signal\u00e9es&nbsp; sont&nbsp; des&nbsp; heures&nbsp; de&nbsp; marche&nbsp; effectives:&nbsp; les&nbsp; arr\u00eats&nbsp; ne&nbsp; sont&nbsp; pas&nbsp; compris.<\/p>\n\n\n\n<p>Savoir&nbsp; reconna\u00eetre&nbsp; ses&nbsp; limites,&nbsp; c\u2019est&nbsp; faire&nbsp; preuve&nbsp; d\u2019intelligence,&nbsp; de&nbsp; bon&nbsp; sens&nbsp; et&nbsp; de&nbsp; respect&nbsp; envers&nbsp; soi-m\u00eame et les autres randonneurs.<\/p>\n\n\n\n<p><strong>Difficult\u00e9<\/strong><\/p>\n\n\n\n<p>Juger avec objectivit\u00e9 son niveau d\u2019entra\u00eenement et de forme physique en fonction de la cotation.<br>Il est \u00e0 noter que cette randonn\u00e9e n\u00e9cessite un effort progressif et soutenu aussi bien en dur\u00e9e qu\u2019en d\u00e9nivel\u00e9.<\/p>\n\n\n\n<p>Les heures de marche signal\u00e9es sont des heures de marche effectives : les arr\u00eats ne sont pas compris.<br>Savoir reconna\u00eetre ses limites, c\u2019est faire preuve d\u2019intelligence, de bon sens et de respect envers soi-m\u00eame et les autres randonneurs.<\/p>\n\n\n\n<h2 class=\"wp-block-heading\" id=\"ins\"><\/h2>\n\n\n\n<h2 class=\"wp-block-heading\"><span class=\"has-inline-color has-vivid-red-color\"><strong>Contacts<\/strong><\/span><\/h2>\n\n\n\n<p>Email:    xxxxxxxx@yyyyyyyyyy.com<\/p>\n\n\n\n<p>Tel:   +41 (0) 78 12345678<\/p>\n\n\n\n<p>Formulaire d&#8217;iscription<\/p>\n\n\n","protected":false},"excerpt":{"rendered":"<p>Dates et infos preliminaires Dates prevues&nbsp;&nbsp;&nbsp;&nbsp;&nbsp;&nbsp;&nbsp;&nbsp;&nbsp;&nbsp;&nbsp;&nbsp;&nbsp;&nbsp;&nbsp;&nbsp;&nbsp; 11 \u2013 12 ao\u00fbt 2020 Rendez vous&nbsp;&nbsp;&nbsp;&nbsp;&nbsp;&nbsp;&nbsp;&nbsp;&nbsp;&nbsp;&nbsp;&nbsp;&nbsp;&nbsp;&nbsp;&nbsp;&nbsp;&nbsp;&nbsp;&nbsp; Gare de Sion, 11 Ao\u00fbt 2020, 8.00 h&nbsp;&nbsp;&nbsp;&nbsp;&nbsp;&nbsp;&nbsp;&nbsp; Fin de l\u2019activit\u00e9&nbsp;&nbsp;&nbsp;&nbsp;&nbsp;&nbsp;&nbsp;&nbsp;&nbsp;&nbsp;&nbsp;&nbsp;&nbsp;&nbsp;&nbsp;&nbsp; Gare de Sierre, 12 Ao\u00fbt 2020, 17.30 h Frais d&#8217;inscription: 250.- CHF Participants max: 12 Toutes infos pour les horaires des trains sont disponible sur le site web des CFF Lieux &hellip; <\/p>\n<p class=\"link-more\"><a href=\"https:\/\/feelthevalley.ch\/\" class=\"more-link\">Continue reading<span class=\"screen-reader-text\"> &#8220;Randonn\u00e9e de 2 jours entre la Val d\u2019Herens et la Val d\u2019Anniviers&#8221;<\/span><\/a><\/p>\n","protected":false},"author":2,"featured_media":12,"parent":0,"menu_order":0,"comment_status":"closed","ping_status":"closed","template":"","meta":{"ngg_post_thumbnail":0,"footnotes":""},"class_list":["post-2","page","type-page","status-publish","has-post-thumbnail","hentry"],"_links":{"self":[{"href":"https:\/\/feelthevalley.ch\/index.php?rest_route=\/wp\/v2\/pages\/2","targetHints":{"allow":["GET"]}}],"collection":[{"href":"https:\/\/feelthevalley.ch\/index.php?rest_route=\/wp\/v2\/pages"}],"about":[{"href":"https:\/\/feelthevalley.ch\/index.php?rest_route=\/wp\/v2\/types\/page"}],"author":[{"embeddable":true,"href":"https:\/\/feelthevalley.ch\/index.php?rest_route=\/wp\/v2\/users\/2"}],"replies":[{"embeddable":true,"href":"https:\/\/feelthevalley.ch\/index.php?rest_route=%2Fwp%2Fv2%2Fcomments&post=2"}],"version-history":[{"count":30,"href":"https:\/\/feelthevalley.ch\/index.php?rest_route=\/wp\/v2\/pages\/2\/revisions"}],"predecessor-version":[{"id":133,"href":"https:\/\/feelthevalley.ch\/index.php?rest_route=\/wp\/v2\/pages\/2\/revisions\/133"}],"wp:featuredmedia":[{"embeddable":true,"href":"https:\/\/feelthevalley.ch\/index.php?rest_route=\/wp\/v2\/media\/12"}],"wp:attachment":[{"href":"https:\/\/feelthevalley.ch\/index.php?rest_route=%2Fwp%2Fv2%2Fmedia&parent=2"}],"curies":[{"name":"wp","href":"https:\/\/api.w.org\/{rel}","templated":true}]}}